{"id":3657,"date":"2025-01-01T00:01:34","date_gmt":"2024-12-31T21:01:34","guid":{"rendered":"https:\/\/multeciler.org.tr\/eng\/?page_id=3657"},"modified":"2025-01-07T14:04:42","modified_gmt":"2025-01-07T11:04:42","slug":"board-of-directors","status":"publish","type":"page","link":"https:\/\/multeciler.org.tr\/eng\/board-of-directors\/","title":{"rendered":"Board Of Directors"},"content":{"rendered":"<p><img fetchpriority=\"high\" decoding=\"async\" class=\"alignnone size-full wp-image-18469\" title=\"Y\u00f6netim Kurulu\" src=\"https:\/\/multeciler.org.tr\/wp-content\/uploads\/2019\/12\/yonetim-kurulu.jpg\" alt=\"Satran\u00e7\" width=\"1140\" height=\"500\" \/><\/p>\n\n<table id=\"tablepress-9\" class=\"tablepress tablepress-id-9\">\n<thead>\n<tr class=\"row-1\">\n\t<th class=\"column-1\">NAME SURNAME<\/th><th class=\"column-2\">POSITION<\/th>\n<\/tr>\n<\/thead>\n<tbody class=\"row-striping row-hover\">\n<tr class=\"row-2\">\n\t<td class=\"column-1\">Halil \u0130brahim AKINCI<\/td><td class=\"column-2\">President<\/td>\n<\/tr>\n<tr class=\"row-3\">\n\t<td class=\"column-1\">Mehmet \u00c7ET\u0130NKAYA<\/td><td class=\"column-2\">Vice President<\/td>\n<\/tr>\n<tr class=\"row-4\">\n\t<td class=\"column-1\">H\u00fcseyin AK<\/td><td class=\"column-2\">Secretary<\/td>\n<\/tr>\n<tr class=\"row-5\">\n\t<td class=\"column-1\">Hayati ANKARALI<\/td><td class=\"column-2\">Comptroller<\/td>\n<\/tr>\n<tr class=\"row-6\">\n\t<td class=\"column-1\">Mehmet AKTA\u015e<\/td><td class=\"column-2\">Member<\/td>\n<\/tr>\n<tr class=\"row-7\">\n\t<td class=\"column-1\">Halil B\u00dcY\u00dcKYILDIRIM<\/td><td class=\"column-2\">Member<\/td>\n<\/tr>\n<tr class=\"row-8\">\n\t<td class=\"column-1\">Osman AKAR<\/td><td class=\"column-2\">Member<\/td>\n<\/tr>\n<tr class=\"row-9\">\n\t<td class=\"column-1\">Sezgin BUL\u011eU<\/td><td class=\"column-2\">Member<\/td>\n<\/tr>\n<tr class=\"row-10\">\n\t<td class=\"column-1\">Vural I\u015eIK<\/td><td class=\"column-2\">Member<\/td>\n<\/tr>\n<tr class=\"row-11\">\n\t<td class=\"column-1\">Muhammet B\u0130LD\u0130K<\/td><td class=\"column-2\">Reserve Member<\/td>\n<\/tr>\n<tr class=\"row-12\">\n\t<td class=\"column-1\">Ahmet YAL\u00c7IN<\/td><td class=\"column-2\">Reserve Member<\/td>\n<\/tr>\n<tr class=\"row-13\">\n\t<td class=\"column-1\">Emre T\u00dcT\u00dcNC\u00dc<\/td><td class=\"column-2\">Reserve Member<\/td>\n<\/tr>\n<tr class=\"row-14\">\n\t<td class=\"column-1\">T\u00fcrker \u015eENG\u00dcL<\/td><td class=\"column-2\">Reserve Member<\/td>\n<\/tr>\n<\/tbody>\n<\/table>\n<!-- #tablepress-9 from cache -->\n","protected":false},"excerpt":{"rendered":"","protected":false},"author":1,"featured_media":3539,"parent":0,"menu_order":0,"comment_status":"closed","ping_status":"closed","template":"","meta":{"neve_meta_sidebar":"full-width","neve_meta_container":"","neve_meta_enable_content_width":"off","neve_meta_content_width":100,"neve_meta_title_alignment":"","neve_meta_author_avatar":"","neve_post_elements_order":"","neve_meta_disable_header":"","neve_meta_disable_footer":"","neve_meta_disable_title":"","footnotes":""},"class_list":["post-3657","page","type-page","status-publish","has-post-thumbnail","hentry"],"_links":{"self":[{"href":"https:\/\/multeciler.org.tr\/eng\/wp-json\/wp\/v2\/pages\/3657","targetHints":{"allow":["GET"]}}],"collection":[{"href":"https:\/\/multeciler.org.tr\/eng\/wp-json\/wp\/v2\/pages"}],"about":[{"href":"https:\/\/multeciler.org.tr\/eng\/wp-json\/wp\/v2\/types\/page"}],"author":[{"embeddable":true,"href":"https:\/\/multeciler.org.tr\/eng\/wp-json\/wp\/v2\/users\/1"}],"replies":[{"embeddable":true,"href":"https:\/\/multeciler.org.tr\/eng\/wp-json\/wp\/v2\/comments?post=3657"}],"version-history":[{"count":1,"href":"https:\/\/multeciler.org.tr\/eng\/wp-json\/wp\/v2\/pages\/3657\/revisions"}],"predecessor-version":[{"id":6737,"href":"https:\/\/multeciler.org.tr\/eng\/wp-json\/wp\/v2\/pages\/3657\/revisions\/6737"}],"wp:featuredmedia":[{"embeddable":true,"href":"https:\/\/multeciler.org.tr\/eng\/wp-json\/wp\/v2\/media\/3539"}],"wp:attachment":[{"href":"https:\/\/multeciler.org.tr\/eng\/wp-json\/wp\/v2\/media?parent=3657"}],"curies":[{"name":"wp","href":"https:\/\/api.w.org\/{rel}","templated":true}]}}