{"id":8553,"date":"2025-01-01T11:38:20","date_gmt":"2025-01-01T08:38:20","guid":{"rendered":"https:\/\/multeciler.org.tr\/ar\/?page_id=8553"},"modified":"2025-01-07T14:37:13","modified_gmt":"2025-01-07T11:37:13","slug":"%d8%a3%d8%b1%d8%b3%d9%84%d9%88%d8%a7-%d9%85%d9%84%d8%a7%d8%ad%d8%b8%d8%a7%d8%aa%d9%83%d9%85","status":"publish","type":"page","link":"https:\/\/multeciler.org.tr\/ar\/?page_id=8553","title":{"rendered":"\u0623\u0631\u0633\u0644\u0648\u0627 \u0645\u0644\u0627\u062d\u0638\u0627\u062a\u0643\u0645"},"content":{"rendered":"\t\t<div data-elementor-type=\"wp-page\" data-elementor-id=\"8553\" class=\"elementor elementor-8553\">\n\t\t\t\t\t\t<section class=\"elementor-section elementor-top-section elementor-element elementor-element-784b60b elementor-section-boxed elementor-section-height-default elementor-section-height-default\" data-id=\"784b60b\" data-element_type=\"section\">\n\t\t\t\t\t\t<div class=\"elementor-container elementor-column-gap-default\">\n\t\t\t\t\t<div class=\"elementor-column elementor-col-100 elementor-top-column elementor-element elementor-element-7d6a845\" data-id=\"7d6a845\" data-element_type=\"column\" data-settings=\"{&quot;background_background&quot;:&quot;classic&quot;}\">\n\t\t\t<div class=\"elementor-widget-wrap elementor-element-populated\">\n\t\t\t\t\t\t<div class=\"elementor-element elementor-element-09eada1 elementor-widget elementor-widget-heading\" data-id=\"09eada1\" data-element_type=\"widget\" data-widget_type=\"heading.default\">\n\t\t\t\t<div class=\"elementor-widget-container\">\n\t\t\t\t\t<h1 class=\"elementor-heading-title elementor-size-default\">\u0623\u0631\u0633\u0644\u0648\u0627 \u0645\u0644\u0627\u062d\u0638\u0627\u062a\u0643\u0645<\/h1>\t\t\t\t<\/div>\n\t\t\t\t<\/div>\n\t\t\t\t\t<\/div>\n\t\t<\/div>\n\t\t\t\t\t<\/div>\n\t\t<\/section>\n\t\t\t\t<section class=\"elementor-section elementor-top-section elementor-element elementor-element-c56769d elementor-section-boxed elementor-section-height-default elementor-section-height-default\" data-id=\"c56769d\" data-element_type=\"section\">\n\t\t\t\t\t\t<div class=\"elementor-container elementor-column-gap-default\">\n\t\t\t\t\t<div class=\"elementor-column elementor-col-100 elementor-top-column elementor-element elementor-element-ce17805\" data-id=\"ce17805\" data-element_type=\"column\">\n\t\t\t<div class=\"elementor-widget-wrap elementor-element-populated\">\n\t\t\t\t\t\t<div class=\"elementor-element elementor-element-92d3a13 elementor-widget elementor-widget-image\" data-id=\"92d3a13\" data-element_type=\"widget\" data-widget_type=\"image.default\">\n\t\t\t\t<div class=\"elementor-widget-container\">\n\t\t\t\t\t\t\t\t\t\t\t\t\t\t\t<img fetchpriority=\"high\" decoding=\"async\" width=\"1140\" height=\"500\" src=\"https:\/\/multeciler.org.tr\/ar\/wp-content\/uploads\/2023\/06\/universitelere-akademisyenlere-ve-arastirmacilara-destek-v2-1.jpg\" class=\"attachment-full size-full wp-image-8554\" alt=\"\" srcset=\"https:\/\/multeciler.org.tr\/ar\/wp-content\/uploads\/2023\/06\/universitelere-akademisyenlere-ve-arastirmacilara-destek-v2-1.jpg 1140w, https:\/\/multeciler.org.tr\/ar\/wp-content\/uploads\/2023\/06\/universitelere-akademisyenlere-ve-arastirmacilara-destek-v2-1-300x132.jpg 300w, https:\/\/multeciler.org.tr\/ar\/wp-content\/uploads\/2023\/06\/universitelere-akademisyenlere-ve-arastirmacilara-destek-v2-1-1024x449.jpg 1024w, https:\/\/multeciler.org.tr\/ar\/wp-content\/uploads\/2023\/06\/universitelere-akademisyenlere-ve-arastirmacilara-destek-v2-1-768x337.jpg 768w\" sizes=\"(max-width: 1140px) 100vw, 1140px\" \/>\t\t\t\t\t\t\t\t\t\t\t\t\t\t\t<\/div>\n\t\t\t\t<\/div>\n\t\t\t\t\t<\/div>\n\t\t<\/div>\n\t\t\t\t\t<\/div>\n\t\t<\/section>\n\t\t\t\t<section class=\"elementor-section elementor-top-section elementor-element elementor-element-d723e8f elementor-section-boxed elementor-section-height-default elementor-section-height-default\" data-id=\"d723e8f\" data-element_type=\"section\" data-settings=\"{&quot;background_background&quot;:&quot;classic&quot;}\">\n\t\t\t\t\t\t<div class=\"elementor-container elementor-column-gap-default\">\n\t\t\t\t\t<div class=\"elementor-column elementor-col-100 elementor-top-column elementor-element elementor-element-9bb9bdc\" data-id=\"9bb9bdc\" data-element_type=\"column\">\n\t\t\t<div class=\"elementor-widget-wrap elementor-element-populated\">\n\t\t\t\t\t\t<div class=\"elementor-element elementor-element-6ee4744 elementor-widget elementor-widget-text-editor\" data-id=\"6ee4744\" data-element_type=\"widget\" data-widget_type=\"text-editor.default\">\n\t\t\t\t<div class=\"elementor-widget-container\">\n\t\t\t\t\t\t\t\t\t<p style=\"text-align: right;\">\u0628\u0635\u0641\u062a\u0646\u0627 \u062c\u0645\u0639\u064a\u0629 \u0627\u0644\u0644\u0627\u062c\u0626\u064a\u0646 \u0646\u062d\u0646 \u0646\u0633\u062a\u0645\u0639 \u0625\u0644\u064a\u0643\u0645 \u0644\u062a\u062d\u0633\u064a\u0646 \u0639\u0645\u0644\u0646\u0627. \u064a\u0645\u0643\u0646\u0643 \u0625\u0631\u0633\u0627\u0644 \u062c\u0645\u064a\u0639 \u0627\u0642\u062a\u0631\u0627\u062d\u0627\u062a\u0643 \u0648\u0627\u0646\u062a\u0642\u0627\u062f\u0627\u062a\u0643 \u062d\u0648\u0644 \u0645\u0624\u0633\u0633\u062a\u0646\u0627 \u0628\u0627\u0633\u062a\u062e\u062f\u0627\u0645 \u0627\u0644\u0646\u0645\u0648\u0630\u062c \u0623\u062f\u0646\u0627\u0647<\/p>\t\t\t\t\t\t\t\t<\/div>\n\t\t\t\t<\/div>\n\t\t\t\t\t<\/div>\n\t\t<\/div>\n\t\t\t\t\t<\/div>\n\t\t<\/section>\n\t\t\t\t<section class=\"elementor-section elementor-top-section elementor-element elementor-element-0829ffc elementor-section-boxed elementor-section-height-default elementor-section-height-default\" data-id=\"0829ffc\" data-element_type=\"section\" data-settings=\"{&quot;background_background&quot;:&quot;classic&quot;}\">\n\t\t\t\t\t\t<div class=\"elementor-container elementor-column-gap-default\">\n\t\t\t\t\t<div class=\"elementor-column elementor-col-20 elementor-top-column elementor-element elementor-element-13e9134\" data-id=\"13e9134\" data-element_type=\"column\">\n\t\t\t<div class=\"elementor-widget-wrap\">\n\t\t\t\t\t\t\t<\/div>\n\t\t<\/div>\n\t\t\t\t<div class=\"elementor-column elementor-col-20 elementor-top-column elementor-element elementor-element-b66b8a1\" data-id=\"b66b8a1\" data-element_type=\"column\">\n\t\t\t<div class=\"elementor-widget-wrap\">\n\t\t\t\t\t\t\t<\/div>\n\t\t<\/div>\n\t\t\t\t<div class=\"elementor-column elementor-col-20 elementor-top-column elementor-element elementor-element-70f32e6\" data-id=\"70f32e6\" data-element_type=\"column\">\n\t\t\t<div class=\"elementor-widget-wrap elementor-element-populated\">\n\t\t\t\t\t\t<div class=\"elementor-element elementor-element-04a7a8d elementor-position-right elementor-view-default elementor-mobile-position-top elementor-widget elementor-widget-icon-box\" data-id=\"04a7a8d\" data-element_type=\"widget\" data-widget_type=\"icon-box.default\">\n\t\t\t\t<div class=\"elementor-widget-container\">\n\t\t\t\t\t\t\t<div class=\"elementor-icon-box-wrapper\">\n\n\t\t\t\t\t\t<div class=\"elementor-icon-box-icon\">\n\t\t\t\t<a href=\"https:\/\/forms.gle\/DKhTMPigrUpFjd6h9\" class=\"elementor-icon elementor-animation-float\" tabindex=\"-1\" aria-label=\"\u0641\u0627\u0631\u0633\u06cc\">\n\t\t\t\t<i aria-hidden=\"true\" class=\"far fa-arrow-alt-circle-right\"><\/i>\t\t\t\t<\/a>\n\t\t\t<\/div>\n\t\t\t\n\t\t\t\t\t\t<div class=\"elementor-icon-box-content\">\n\n\t\t\t\t\t\t\t\t\t<h4 class=\"elementor-icon-box-title\">\n\t\t\t\t\t\t<a href=\"https:\/\/forms.gle\/DKhTMPigrUpFjd6h9\" >\n\t\t\t\t\t\t\t\u0641\u0627\u0631\u0633\u06cc\t\t\t\t\t\t<\/a>\n\t\t\t\t\t<\/h4>\n\t\t\t\t\n\t\t\t\t\n\t\t\t<\/div>\n\t\t\t\n\t\t<\/div>\n\t\t\t\t\t\t<\/div>\n\t\t\t\t<\/div>\n\t\t\t\t\t<\/div>\n\t\t<\/div>\n\t\t\t\t<div class=\"elementor-column elementor-col-20 elementor-top-column elementor-element elementor-element-1dca7ad\" data-id=\"1dca7ad\" data-element_type=\"column\">\n\t\t\t<div class=\"elementor-widget-wrap elementor-element-populated\">\n\t\t\t\t\t\t<div class=\"elementor-element elementor-element-a81fbf6 elementor-position-right elementor-view-default elementor-mobile-position-top elementor-widget elementor-widget-icon-box\" data-id=\"a81fbf6\" data-element_type=\"widget\" data-widget_type=\"icon-box.default\">\n\t\t\t\t<div class=\"elementor-widget-container\">\n\t\t\t\t\t\t\t<div class=\"elementor-icon-box-wrapper\">\n\n\t\t\t\t\t\t<div class=\"elementor-icon-box-icon\">\n\t\t\t\t<a href=\"https:\/\/multeciler.org.tr\/eng\/send-feedback\/\" class=\"elementor-icon elementor-animation-float\" tabindex=\"-1\" aria-label=\"English\">\n\t\t\t\t<i aria-hidden=\"true\" class=\"far fa-arrow-alt-circle-right\"><\/i>\t\t\t\t<\/a>\n\t\t\t<\/div>\n\t\t\t\n\t\t\t\t\t\t<div class=\"elementor-icon-box-content\">\n\n\t\t\t\t\t\t\t\t\t<h4 class=\"elementor-icon-box-title\">\n\t\t\t\t\t\t<a href=\"https:\/\/multeciler.org.tr\/eng\/send-feedback\/\" >\n\t\t\t\t\t\t\tEnglish\t\t\t\t\t\t<\/a>\n\t\t\t\t\t<\/h4>\n\t\t\t\t\n\t\t\t\t\n\t\t\t<\/div>\n\t\t\t\n\t\t<\/div>\n\t\t\t\t\t\t<\/div>\n\t\t\t\t<\/div>\n\t\t\t\t\t<\/div>\n\t\t<\/div>\n\t\t\t\t<div class=\"elementor-column elementor-col-20 elementor-top-column elementor-element elementor-element-5eb46b6\" data-id=\"5eb46b6\" data-element_type=\"column\">\n\t\t\t<div class=\"elementor-widget-wrap elementor-element-populated\">\n\t\t\t\t\t\t<div class=\"elementor-element elementor-element-18f9749 elementor-position-right elementor-view-default elementor-mobile-position-top elementor-widget elementor-widget-icon-box\" data-id=\"18f9749\" data-element_type=\"widget\" data-widget_type=\"icon-box.default\">\n\t\t\t\t<div class=\"elementor-widget-container\">\n\t\t\t\t\t\t\t<div class=\"elementor-icon-box-wrapper\">\n\n\t\t\t\t\t\t<div class=\"elementor-icon-box-icon\">\n\t\t\t\t<a href=\"https:\/\/multeciler.org.tr\/geri-bildirim-gonderin\/\" class=\"elementor-icon elementor-animation-float\" tabindex=\"-1\" aria-label=\"T\u00fcrk\u00e7e\">\n\t\t\t\t<i aria-hidden=\"true\" class=\"far fa-arrow-alt-circle-right\"><\/i>\t\t\t\t<\/a>\n\t\t\t<\/div>\n\t\t\t\n\t\t\t\t\t\t<div class=\"elementor-icon-box-content\">\n\n\t\t\t\t\t\t\t\t\t<h4 class=\"elementor-icon-box-title\">\n\t\t\t\t\t\t<a href=\"https:\/\/multeciler.org.tr\/geri-bildirim-gonderin\/\" >\n\t\t\t\t\t\t\tT\u00fcrk\u00e7e\t\t\t\t\t\t<\/a>\n\t\t\t\t\t<\/h4>\n\t\t\t\t\n\t\t\t\t\n\t\t\t<\/div>\n\t\t\t\n\t\t<\/div>\n\t\t\t\t\t\t<\/div>\n\t\t\t\t<\/div>\n\t\t\t\t\t<\/div>\n\t\t<\/div>\n\t\t\t\t\t<\/div>\n\t\t<\/section>\n\t\t\t\t<section class=\"elementor-section elementor-top-section elementor-element elementor-element-17ac36f elementor-section-boxed elementor-section-height-default elementor-section-height-default\" data-id=\"17ac36f\" data-element_type=\"section\">\n\t\t\t\t\t\t\t<div class=\"elementor-background-overlay\"><\/div>\n\t\t\t\t\t\t\t<div class=\"elementor-container elementor-column-gap-default\">\n\t\t\t\t\t<div class=\"elementor-column elementor-col-100 elementor-top-column elementor-element elementor-element-38f01a5\" data-id=\"38f01a5\" data-element_type=\"column\" data-settings=\"{&quot;background_background&quot;:&quot;classic&quot;}\">\n\t\t\t<div class=\"elementor-widget-wrap elementor-element-populated\">\n\t\t\t\t\t\t<div class=\"elementor-element elementor-element-0cdd504 elementor-widget elementor-widget-text-editor\" data-id=\"0cdd504\" data-element_type=\"widget\" data-widget_type=\"text-editor.default\">\n\t\t\t\t<div class=\"elementor-widget-container\">\n\t\t\t\t\t\t\t\t\t<p style=\"text-align: right;\"><span style=\"background-color: var(--nv-site-bg); color: var(--nv-text-color); font-family: Sawarabi Gothic, var(--nv-fallback-ff); letter-spacing: 0px;\">\n<div class=\"wpcf7 no-js\" id=\"wpcf7-f8539-o1\" lang=\"tr-TR\" dir=\"ltr\" data-wpcf7-id=\"8539\">\n<div class=\"screen-reader-response\"><p role=\"status\" aria-live=\"polite\" aria-atomic=\"true\"><\/p> <ul><\/ul><\/div>\n<form action=\"\/ar\/index.php?rest_route=%2Fwp%2Fv2%2Fpages%2F8553#wpcf7-f8539-o1\" method=\"post\" class=\"wpcf7-form init\" aria-label=\"\u0130leti\u015fim Formu\" novalidate=\"novalidate\" data-status=\"init\">\n<fieldset class=\"hidden-fields-container\"><input type=\"hidden\" name=\"_wpcf7\" value=\"8539\" \/><input type=\"hidden\" name=\"_wpcf7_version\" value=\"6.1.2\" \/><input type=\"hidden\" name=\"_wpcf7_locale\" value=\"tr_TR\" \/><input type=\"hidden\" name=\"_wpcf7_unit_tag\" value=\"wpcf7-f8539-o1\" \/><input type=\"hidden\" name=\"_wpcf7_container_post\" value=\"0\" \/><input type=\"hidden\" name=\"_wpcf7_posted_data_hash\" value=\"\" \/>\n<\/fieldset>\n<style>\ndiv.wpcf7 { \npadding: 10px 10px 20px 0px;\nmargin: 0px 0px 0px 0px;\n}\nem{ font-size: 0.95em;\n}\n<\/style>\n<p><label><strong>: \u0627\u0633\u0645\u0643 \u0648 \u0644\u0642\u0628\u0643<\/strong><br \/>\n<span class=\"wpcf7-form-control-wrap\" data-name=\"your-name\"><input size=\"30\" maxlength=\"400\" class=\"wpcf7-form-control wpcf7-text\" aria-invalid=\"false\" value=\"\" type=\"text\" name=\"your-name\" \/><\/span> <\/label>\n<\/p>\n<p><strong>: \u062a\u0627\u0631\u064a\u062e \u0645\u064a\u0644\u0627\u062f\u0643<\/strong><br \/>\n<label><span class=\"wpcf7-form-control-wrap\" data-name=\"date-615\"><input class=\"wpcf7-form-control wpcf7-date wpcf7-validates-as-date\" min=\"1920-01-01\" max=\"2023-12-31\" aria-invalid=\"false\" value=\"GG.AA.YYYY\" type=\"date\" name=\"date-615\" \/><\/span><\/label>\n<\/p>\n<p><label><strong>: \u0627\u0644\u062c\u0646\u0633<\/strong><br \/>\n<span class=\"wpcf7-form-control-wrap\" data-name=\"menu-264\"><select class=\"wpcf7-form-control wpcf7-select\" aria-invalid=\"false\" name=\"menu-264\"><option value=\"\">&#8212;L\u00fctfen bir se\u00e7enek se\u00e7in&#8212;<\/option><option value=\"\u0623\u0646\u062b\u0649\">\u0623\u0646\u062b\u0649<\/option><option value=\"\u0630\u0643\u0631\">\u0630\u0643\u0631<\/option><\/select><\/span><\/label>\n<\/p>\n<p><strong>: \u062c\u0646\u0633\u064a\u062a\u0643<\/strong><br \/>\n<span class=\"wpcf7-form-control-wrap\" data-name=\"uyruk1\"><span class=\"wpcf7-form-control wpcf7-checkbox wpcf7-exclusive-checkbox\"><span class=\"wpcf7-list-item first\"><label><input type=\"checkbox\" name=\"uyruk1\" value=\"\u062a\u0631\u0643\u064a\" \/><span class=\"wpcf7-list-item-label\">\u062a\u0631\u0643\u064a<\/span><\/label><\/span><span class=\"wpcf7-list-item\"><label><input type=\"checkbox\" name=\"uyruk1\" value=\"\u0633\u0648\u0631\u064a\" \/><span class=\"wpcf7-list-item-label\">\u0633\u0648\u0631\u064a<\/span><\/label><\/span><span class=\"wpcf7-list-item\"><label><input type=\"checkbox\" name=\"uyruk1\" value=\"\u0623\u0641\u063a\u0627\u0646\u064a\" \/><span class=\"wpcf7-list-item-label\">\u0623\u0641\u063a\u0627\u0646\u064a<\/span><\/label><\/span><span class=\"wpcf7-list-item\"><label><input type=\"checkbox\" name=\"uyruk1\" value=\"\u0639\u0631\u0627\u0642\u064a\" \/><span class=\"wpcf7-list-item-label\">\u0639\u0631\u0627\u0642\u064a<\/span><\/label><\/span><span class=\"wpcf7-list-item\"><label><input type=\"checkbox\" name=\"uyruk1\" value=\"\u0625\u064a\u0631\u0627\u0646\u064a\" \/><span class=\"wpcf7-list-item-label\">\u0625\u064a\u0631\u0627\u0646\u064a<\/span><\/label><\/span><span class=\"wpcf7-list-item\"><label><input type=\"checkbox\" name=\"uyruk1\" value=\"\u0628\u0627\u0643\u0633\u062a\u0627\u0646\u064a\" \/><span class=\"wpcf7-list-item-label\">\u0628\u0627\u0643\u0633\u062a\u0627\u0646\u064a<\/span><\/label><\/span><span class=\"wpcf7-list-item last\"><label><input type=\"checkbox\" name=\"uyruk1\" value=\"\u0623\u062e\u0631\u0649\" \/><span class=\"wpcf7-list-item-label\">\u0623\u062e\u0631\u0649<\/span><\/label><\/span><\/span><\/span><br \/>\n<label><span class=\"wpcf7-form-control-wrap\" data-name=\"uyruk-diger\"><input size=\"10\" maxlength=\"400\" class=\"wpcf7-form-control wpcf7-text\" aria-invalid=\"false\" value=\"\" type=\"text\" name=\"uyruk-diger\" \/><\/span> <strong>\u0625\u0630\u0627 \u0643\u0627\u0646 \u063a\u064a\u0631 \u0630\u0644\u0643 \u064a\u0631\u062c\u0649 \u0627\u0644\u0643\u062a\u0627\u0628\u0629<\/strong><\/label>\n<\/p>\n<p><label><strong>: \u062a\u0627\u0631\u064a\u062e \u0627\u0644\u062d\u062f\u062b \u0627\u0644\u0630\u064a \u0647\u0648 \u0645\u0648\u0636\u0648\u0639 \u0627\u0644\u0634\u0643\u0648\u0649 (\u0627\u0644\u064a\u0648\u0645 \/ \u0627\u0644\u0634\u0647\u0631 \/ \u0627\u0644\u0633\u0646\u0629 ) <\/strong><br \/>\n<span class=\"wpcf7-form-control-wrap\" data-name=\"date-230\"><input class=\"wpcf7-form-control wpcf7-date wpcf7-validates-as-date\" min=\"1966-01-01\" max=\"2023-12-31\" aria-invalid=\"false\" value=\"GG.AA.YYYY\" type=\"date\" name=\"date-230\" \/><\/span><\/label>\n<\/p>\n<p><label><strong>(*) \u0647\u0644 \u064a\u0645\u0643\u0646\u0643 \u0645\u0634\u0627\u0631\u0643\u0629 \u0634\u0643\u0648\u0627\u0643 \u0623\u0648 \u0645\u0644\u0627\u062d\u0638\u0627\u062a\u0643 \u061f<\/strong><br \/>\n<span class=\"wpcf7-form-control-wrap\" data-name=\"textarea-394\"><textarea cols=\"40\" rows=\"10\" maxlength=\"2000\" class=\"wpcf7-form-control wpcf7-textarea wpcf7-validates-as-required\" aria-required=\"true\" aria-invalid=\"false\" name=\"textarea-394\"><\/textarea><\/span><br \/>\n<\/label>\n<\/p>\n<p><strong>\u0647\u0644 \u062a\u0631\u063a\u0628 \u0641\u064a \u0623\u0646 \u064a\u064f\u0639\u0627\u0648\u062f \u0627\u0644\u0641\u0631\u064a\u0642 \u0627\u0644\u0645\u062e\u062a\u0635 \u0627\u0644\u062a\u0648\u0627\u0635\u0644 \u0645\u0639\u0643 \u061f<\/strong><br \/>\n<span class=\"wpcf7-form-control-wrap\" data-name=\"donus1\"><span class=\"wpcf7-form-control wpcf7-checkbox wpcf7-exclusive-checkbox\"><span class=\"wpcf7-list-item first\"><label><input type=\"checkbox\" name=\"donus1\" value=\"\u0646\u0639\u0645\" \/><span class=\"wpcf7-list-item-label\">\u0646\u0639\u0645<\/span><\/label><\/span><span class=\"wpcf7-list-item last\"><label><input type=\"checkbox\" name=\"donus1\" value=\"\u0644\u0627\" \/><span class=\"wpcf7-list-item-label\">\u0644\u0627<\/span><\/label><\/span><\/span><\/span>\n<\/p>\n<p><strong>\u0625\u0630\u0627 \u0643\u0646\u062a \u062a\u0631\u064a\u062f \u0623\u0646 \u064a\u062a\u0645\u0651 \u0645\u0639\u0627\u0648\u062f\u0629 \u0627\u0644\u062a\u0648\u0627\u0635\u0644 \u0645\u0639\u0643 \u060c \u064a\u0631\u062c\u0649 \u062a\u062d\u062f\u064a\u062f \u0646\u0648\u0639 \u0622\u0644\u064a\u0629 \u0627\u0644\u062a\u0648\u0627\u0635\u0644 \u0627\u0644\u0645\u0641\u0636\u0644 \u0644\u062f\u064a\u0643.<\/strong><br \/>\n<label> <strong>\u0631\u0642\u0645 \u0627\u0644\u0647\u0627\u062a\u0641<\/strong><br \/>\n<span class=\"wpcf7-form-control-wrap\" data-name=\"tel-632\"><input size=\"40\" maxlength=\"400\" class=\"wpcf7-form-control wpcf7-tel wpcf7-text wpcf7-validates-as-tel\" aria-invalid=\"false\" value=\"\" type=\"tel\" name=\"tel-632\" \/><\/span><\/label><br \/>\n<label> <em>*\u0623\u062f\u062e\u0644 \u0627\u0644\u0645\u0639\u0644\u0648\u0645\u0627\u062a \u0627\u0644\u062e\u0627\u0635\u0629 \u0628\u0627\u0644\u064a\u0648\u0645 \u0648\u0627\u0644\u0641\u0627\u0635\u0644 \u0627\u0644\u0632\u0645\u0646\u064a \u0627\u0644\u0630\u064a \u062a\u0641\u0636\u0644 \u0627\u0644\u062a\u0648\u0627\u0635\u0644 \u0628\u0647 \u0645\u0639\u0643 <br \/>\n<span class=\"wpcf7-form-control-wrap\" data-name=\"aranma-zamani\"><input size=\"40\" maxlength=\"400\" class=\"wpcf7-form-control wpcf7-text\" aria-invalid=\"false\" value=\"\" type=\"text\" name=\"aranma-zamani\" \/><\/span><br \/>\n<\/em><\/label><br \/>\n<label> <strong>\u0639\u0646\u0648\u0627\u0646 \u0627\u0644\u0628\u0631\u064a\u062f \u0627\u0644\u0627\u0644\u0643\u062a\u0631\u0648\u0646\u064a<\/strong><br \/>\n<span class=\"wpcf7-form-control-wrap\" data-name=\"email-416\"><input size=\"40\" maxlength=\"400\" class=\"wpcf7-form-control wpcf7-email wpcf7-text wpcf7-validates-as-email\" aria-invalid=\"false\" value=\"\" type=\"email\" name=\"email-416\" \/><\/span><br \/>\n<\/label>\n<\/p>\n<p><span class=\"wpcf7-form-control-wrap\" data-name=\"yuzyuze\"><span class=\"wpcf7-form-control wpcf7-checkbox wpcf7-exclusive-checkbox\"><span class=\"wpcf7-list-item first last\"><label><input type=\"checkbox\" name=\"yuzyuze\" value=\"\u0623\u0648\u062f \u0623\u0646 \u0623\u0644\u062a\u0642\u064a \u0648\u062c\u0647\u0627 \u0644\u0648\u062c\u0647\" \/><span class=\"wpcf7-list-item-label\">\u0623\u0648\u062f \u0623\u0646 \u0623\u0644\u062a\u0642\u064a \u0648\u062c\u0647\u0627 \u0644\u0648\u062c\u0647<\/span><\/label><\/span><\/span><\/span><br \/>\n<em>\u064a\u0645\u0643\u0646\u0643 \u0627\u0644\u062d\u0635\u0648\u0644 \u0639\u0644\u0649 \u0645\u0639\u0644\u0648\u0645\u0627\u062a \u0645\u0646 \u0627\u0644\u0641\u0631\u064a\u0642 \u0632\u0645\u0644\u0627\u0626\u0646\u0627 \u0627\u0644\u0645\u062a\u0648\u0627\u062c\u062f\u0648\u0646 \u0641\u064a \u0645\u0631\u0627\u0643\u0632\u0646\u0627.<\/em>\n<\/p>\n<p><input class=\"wpcf7-form-control wpcf7-submit has-spinner\" type=\"submit\" value=\"\u0625\u0631\u0633\u0627\u0644\" \/>\n<\/p>\n<p>\u064a\u062a\u0637\u0644\u0628 \u0645\u0644\u0626 \u0627\u0644\u062d\u0642\u0648\u0644 \u0627\u0644\u0645\u0645\u064a\u0632\u0629 \u0628\u0646\u062c\u0645\u0629**\n<\/p>\n<p><strong>@multecilerorgtr \u062a\u0627\u0628\u0639 \u062d\u0633\u0627\u0628\u0627\u062a\u0646\u0627 \u0639\u0644\u0649 \u0648\u0633\u0627\u0626\u0644 \u0627\u0644\u062a\u0648\u0627\u0635\u0644 \u0627\u0644\u0627\u062c\u062a\u0645\u0627\u0639\u064a <\/strong><br \/>\n<a title=\"M\u00fclteciler Derne\u011fi Facebook\" href=\"https:\/\/facebook.com\/multecilerorgtr\" target=\"_blank\" rel=\"noopener noreferrer\">Facebook<\/a> | <a title=\"M\u00fclteciler Derne\u011fi instagram\" href=\"https:\/\/instagram.com\/multecilerorgtr\" target=\"_blank\" rel=\"noopener noreferrer\">Instagram<\/a> | <a title=\"M\u00fclteciler Derne\u011fi Twitter\" href=\"https:\/\/www.twitter.com\/multecilerorgtr\" target=\"_blank\" rel=\"noopener noreferrer\">Twitter<\/a> | <a title=\"M\u00fclteciler Derne\u011fi Youtube\" href=\"https:\/\/www.youtube.com\/c\/multecilerdernegi\" target=\"_blank\" rel=\"noopener noreferrer\">Youtube<\/a>\n<\/p><div class=\"wpcf7-response-output\" aria-hidden=\"true\"><\/div>\n<\/form>\n<\/div>\n<\/span><\/p>\t\t\t\t\t\t\t\t<\/div>\n\t\t\t\t<\/div>\n\t\t\t\t\t<\/div>\n\t\t<\/div>\n\t\t\t\t\t<\/div>\n\t\t<\/section>\n\t\t\t\t<\/div>\n\t\t","protected":false},"excerpt":{"rendered":"<p>\u0623\u0631\u0633\u0644\u0648\u0627 \u0645\u0644\u0627\u062d\u0638\u0627\u062a\u0643\u0645 \u0628\u0635\u0641\u062a\u0646\u0627 \u062c\u0645\u0639\u064a\u0629 \u0627\u0644\u0644\u0627\u062c\u0626\u064a\u0646 \u0646\u062d\u0646 \u0646\u0633\u062a\u0645\u0639 \u0625\u0644\u064a\u0643\u0645 \u0644\u062a\u062d\u0633\u064a\u0646 \u0639\u0645\u0644\u0646\u0627. \u064a\u0645\u0643\u0646\u0643 \u0625\u0631\u0633\u0627\u0644 \u062c\u0645\u064a\u0639 \u0627\u0642\u062a\u0631\u0627\u062d\u0627\u062a\u0643 \u0648\u0627\u0646\u062a\u0642\u0627\u062f\u0627\u062a\u0643 \u062d\u0648\u0644 \u0645\u0624\u0633\u0633\u062a\u0646\u0627 \u0628\u0627\u0633\u062a\u062e\u062f\u0627\u0645 \u0627\u0644\u0646\u0645\u0648\u0630\u062c \u0623\u062f\u0646\u0627\u0647 \u0641\u0627\u0631\u0633\u06cc English T\u00fcrk\u00e7e<\/p>\n","protected":false},"author":1,"featured_media":8554,"parent":0,"menu_order":0,"comment_status":"closed","ping_status":"closed","template":"page-templates\/template-pagebuilder-full-width.php","meta":{"neve_meta_sidebar":"full-width","neve_meta_container":"full-width","neve_meta_enable_content_width":"off","neve_meta_content_width":100,"neve_meta_title_alignment":"","neve_meta_author_avatar":"","neve_post_elements_order":"","neve_meta_disable_header":"","neve_meta_disable_footer":"","neve_meta_disable_title":"","footnotes":""},"class_list":["post-8553","page","type-page","status-publish","has-post-thumbnail","hentry"],"_links":{"self":[{"href":"https:\/\/multeciler.org.tr\/ar\/index.php?rest_route=\/wp\/v2\/pages\/8553","targetHints":{"allow":["GET"]}}],"collection":[{"href":"https:\/\/multeciler.org.tr\/ar\/index.php?rest_route=\/wp\/v2\/pages"}],"about":[{"href":"https:\/\/multeciler.org.tr\/ar\/index.php?rest_route=\/wp\/v2\/types\/page"}],"author":[{"embeddable":true,"href":"https:\/\/multeciler.org.tr\/ar\/index.php?rest_route=\/wp\/v2\/users\/1"}],"replies":[{"embeddable":true,"href":"https:\/\/multeciler.org.tr\/ar\/index.php?rest_route=%2Fwp%2Fv2%2Fcomments&post=8553"}],"version-history":[{"count":14,"href":"https:\/\/multeciler.org.tr\/ar\/index.php?rest_route=\/wp\/v2\/pages\/8553\/revisions"}],"predecessor-version":[{"id":8607,"href":"https:\/\/multeciler.org.tr\/ar\/index.php?rest_route=\/wp\/v2\/pages\/8553\/revisions\/8607"}],"wp:featuredmedia":[{"embeddable":true,"href":"https:\/\/multeciler.org.tr\/ar\/index.php?rest_route=\/wp\/v2\/media\/8554"}],"wp:attachment":[{"href":"https:\/\/multeciler.org.tr\/ar\/index.php?rest_route=%2Fwp%2Fv2%2Fmedia&parent=8553"}],"curies":[{"name":"wp","href":"https:\/\/api.w.org\/{rel}","templated":true}]}}